{"id":2271,"date":"2019-05-20T13:14:41","date_gmt":"2019-05-20T12:14:41","guid":{"rendered":"https:\/\/agencelusofrancaiseimmobilier.com\/?page_id=2271"},"modified":"2023-09-13T12:49:58","modified_gmt":"2023-09-13T11:49:58","slug":"chercheur-dappartement-a-porto","status":"publish","type":"page","link":"https:\/\/agencelusofrancaiseimmobilier.com\/fr_fr\/chercheur-dappartement-a-porto\/","title":{"rendered":"CHERCHEUR D&rsquo;APPARTEMENT \u00c0 PORTO"},"content":{"rendered":"\t\t<div data-elementor-type=\"wp-post\" data-elementor-id=\"2271\" class=\"elementor elementor-2271\" data-elementor-post-type=\"page\">\n\t\t\t\t\t\t<section class=\"elementor-section elementor-top-section elementor-element elementor-element-10f14cb3 elementor-section-stretched elementor-section-boxed elementor-section-height-default elementor-section-height-default\" data-id=\"10f14cb3\" data-element_type=\"section\" data-e-type=\"section\" data-settings=\"{&quot;background_background&quot;:&quot;classic&quot;,&quot;stretch_section&quot;:&quot;section-stretched&quot;}\">\n\t\t\t\t\t\t<div class=\"elementor-container elementor-column-gap-no\">\n\t\t\t\t\t<div class=\"elementor-column elementor-col-100 elementor-top-column elementor-element elementor-element-5ee6d8ce\" data-id=\"5ee6d8ce\" data-element_type=\"column\" data-e-type=\"column\">\n\t\t\t<div class=\"elementor-widget-wrap elementor-element-populated\">\n\t\t\t\t\t\t<div class=\"elementor-element elementor-element-59bfbe1a elementor-widget elementor-widget-spacer\" data-id=\"59bfbe1a\" data-element_type=\"widget\" data-e-type=\"widget\" data-widget_type=\"spacer.default\">\n\t\t\t\t<div class=\"elementor-widget-container\">\n\t\t\t\t\t\t\t<div class=\"elementor-spacer\">\n\t\t\t<div class=\"elementor-spacer-inner\"><\/div>\n\t\t<\/div>\n\t\t\t\t\t\t<\/div>\n\t\t\t\t<\/div>\n\t\t\t\t<div class=\"elementor-element elementor-element-2d9d6b5b animated-fast elementor-invisible elementor-widget elementor-widget-heading\" data-id=\"2d9d6b5b\" data-element_type=\"widget\" data-e-type=\"widget\" data-settings=\"{&quot;_animation&quot;:&quot;fadeInUp&quot;,&quot;_animation_delay&quot;:50}\" data-widget_type=\"heading.default\">\n\t\t\t\t<div class=\"elementor-widget-container\">\n\t\t\t\t\t<h1 class=\"elementor-heading-title elementor-size-default\">Votre partenaire immobilier c'est nous !\u200b<\/h1>\t\t\t\t<\/div>\n\t\t\t\t<\/div>\n\t\t\t\t\t<\/div>\n\t\t<\/div>\n\t\t\t\t\t<\/div>\n\t\t<\/section>\n\t\t\t\t<section class=\"elementor-section elementor-top-section elementor-element elementor-element-5e0063dc elementor-section-boxed elementor-section-height-default elementor-section-height-default\" data-id=\"5e0063dc\" data-element_type=\"section\" data-e-type=\"section\">\n\t\t\t\t\t\t<div class=\"elementor-container elementor-column-gap-no\">\n\t\t\t\t\t<div class=\"elementor-column elementor-col-33 elementor-top-column elementor-element elementor-element-3dda68ca\" data-id=\"3dda68ca\" data-element_type=\"column\" data-e-type=\"column\">\n\t\t\t<div class=\"elementor-widget-wrap elementor-element-populated\">\n\t\t\t\t\t\t<div class=\"elementor-element elementor-element-102cd7bf elementor-widget elementor-widget-text-editor\" data-id=\"102cd7bf\" data-element_type=\"widget\" data-e-type=\"widget\" data-widget_type=\"text-editor.default\">\n\t\t\t\t<div class=\"elementor-widget-container\">\n\t\t\t\t\t\t\t\t\t<p>D\u00e9couvrez le luxe de vivre \u00e0 Porto avec l&rsquo;Agence Luso-Fran\u00e7aise d&rsquo;Immobilier, votre chercheur d&rsquo;appartement \u00e0 Porto. Que vous envisagiez d&rsquo;\u00e9tablir votre <span style=\"color: #808080;\"><a style=\"color: #808080;\" href=\"https:\/\/vivreauportugalconsulting.com\" target=\"_blank\" rel=\"noopener\">r\u00e9sidence permanente<\/a><\/span> ou que vous souhaitiez profiter d&rsquo;un pied-\u00e0-terre occasionnel, notre agence est d\u00e9di\u00e9e \u00e0 rendre votre transition aussi lisse que possible.<\/p><p>Notre \u00e9quipe exp\u00e9riment\u00e9e ne se contente pas d&rsquo;\u00eatre une simple agence, nous sommes des experts en prospection engag\u00e9s \u00e0 r\u00e9aliser vos r\u00eaves d&rsquo;acquisition. Imaginez avoir un guide qui explore activement le march\u00e9 pour vous, cherchant le bien id\u00e9al, la perle rare. C&rsquo;est exactement ce que fait un chasseur immobilier.<\/p><p>Chez l&rsquo;<a href=\"https:\/\/agencelusofrancaiseimmobilier.com\/contact-agence-luso-francaise-immobilier-porto\/\">Agence Luso-Fran\u00e7aise<\/a>, votre satisfaction est notre priorit\u00e9 absolue. Nous mettons tout en \u0153uvre pour vous garantir une exp\u00e9rience sans tracas, qu&rsquo;il s&rsquo;agisse de l&rsquo;achat d&rsquo;une maison de r\u00eave ou de la location d&rsquo;un appartement confortable. En plus de notre expertise en prospection, nous vous tenons inform\u00e9s des tendances du march\u00e9, vous aidant ainsi \u00e0 prendre des d\u00e9cisions \u00e9clair\u00e9es.<\/p><p>Porto, avec son charme pittoresque et son histoire riche, est une ville qui s\u00e9duit les \u00e2mes en qu\u00eate d&rsquo;une exp\u00e9rience de vie unique. Situ\u00e9e sur la c\u00f4te nord-ouest du Portugal, cette ville fascinante est c\u00e9l\u00e8bre pour son vin de Porto, son architecture historique, et sa sc\u00e8ne culturelle anim\u00e9e. C&rsquo;est une destination de choix pour ceux qui cherchent \u00e0 vivre une vie empreinte d&rsquo;authenticit\u00e9 et de diversit\u00e9.<\/p><p>La ville offre une vari\u00e9t\u00e9 de quartiers, chacun ayant son propre caract\u00e8re et ses avantages distincts. Que vous pr\u00e9f\u00e9riez le charme historique de la vieille ville de Ribeira, avec ses rues sinueuses et ses maisons color\u00e9es en bord de rivi\u00e8re, ou que vous recherchiez une ambiance plus moderne dans des quartiers comme Boavista ou Foz, Porto a quelque chose \u00e0 offrir \u00e0 chacun. <span style=\"color: var( --e-global-color-text ); font-size: var( --e-global-typography-def75a7-font-size ); letter-spacing: var( --e-global-typography-def75a7-letter-spacing ); word-spacing: var( --e-global-typography-def75a7-word-spacing ); background-color: var(--rh-color-white);\">Les investisseurs trouveront \u00e9galement Porto attrayante en raison de son march\u00e9 en pleine croissance. Les propri\u00e9t\u00e9s \u00e0 Porto offrent un excellent potentiel de plus-value, et la ville continue d&rsquo;attirer des investisseurs du monde entier.<\/span><\/p>\t\t\t\t\t\t\t\t<\/div>\n\t\t\t\t<\/div>\n\t\t\t\t\t<\/div>\n\t\t<\/div>\n\t\t\t\t<div class=\"elementor-column elementor-col-33 elementor-top-column elementor-element elementor-element-524418f\" data-id=\"524418f\" data-element_type=\"column\" data-e-type=\"column\">\n\t\t\t<div class=\"elementor-widget-wrap elementor-element-populated\">\n\t\t\t\t\t\t<div class=\"elementor-element elementor-element-1baa306 elementor-widget elementor-widget-heading\" data-id=\"1baa306\" data-element_type=\"widget\" data-e-type=\"widget\" data-widget_type=\"heading.default\">\n\t\t\t\t<div class=\"elementor-widget-container\">\n\t\t\t\t\t<h3 class=\"elementor-heading-title elementor-size-large\">Notre client c'est vous !<\/h3>\t\t\t\t<\/div>\n\t\t\t\t<\/div>\n\t\t\t\t<div class=\"elementor-element elementor-element-b147b3a elementor-widget elementor-widget-text-editor\" data-id=\"b147b3a\" data-element_type=\"widget\" data-e-type=\"widget\" data-widget_type=\"text-editor.default\">\n\t\t\t\t<div class=\"elementor-widget-container\">\n\t\t\t\t\t\t\t\t\t<p>Notre agence est votre guide expert pour naviguer sur le march\u00e9. Notre \u00e9quipe francophone est d\u00e9di\u00e9e \u00e0 vous offrir un service exceptionnel, que ce soit pour trouver la maison de vos r\u00eaves, investir dans une propri\u00e9t\u00e9 ou louer un appartement pour une exp\u00e9rience de vie temporaire.<\/p>\n<p>Nous comprenons que l&rsquo;achat d&rsquo;une propri\u00e9t\u00e9 \u00e0 l&rsquo;\u00e9tranger peut \u00eatre intimidant, c&rsquo;est pourquoi nous sommes l\u00e0 pour simplifier le processus et vous assister \u00e0 chaque \u00e9tape. Notre connaissance approfondie du march\u00e9 local, notre r\u00e9seau professionnel et notre engagement envers la satisfaction du client font de nous le partenaire id\u00e9al pour vos projets d&rsquo;acquisitions.&nbsp;<span style=\"color: var( --e-global-color-text ); font-size: var( --e-global-typography-def75a7-font-size ); font-weight: var( --e-global-typography-def75a7-font-weight ); letter-spacing: var( --e-global-typography-def75a7-letter-spacing ); word-spacing: var( --e-global-typography-def75a7-word-spacing ); background-color: var(--rh-color-white);\">En plus de notre expertise en prospection, nous sommes \u00e9galement fiers de vous offrir des conseils personnalis\u00e9s sur la fiscalit\u00e9 et la l\u00e9gislation immobili\u00e8re portugaise. Nous travaillons en \u00e9troite collaboration avec des experts locaux pour vous assurer que chaque aspect de votre transaction est conforme aux lois en vigueur.<\/span><\/p>\n<p>Quelle que soit votre aspiration \u00e0 Porto, que ce soit une r\u00e9sidence permanente, une maison de vacances ou un investissement, l&rsquo;Agence Luso-Fran\u00e7aise d&rsquo;Immobilier est l\u00e0 pour vous aider \u00e0 r\u00e9aliser vos r\u00eaves. Nous vous invitons \u00e0 nous contacter d\u00e8s aujourd&rsquo;hui pour discuter de vos besoins et pour commencer votre voyage vers une vie enrichissante \u00e0 Porto. Ne manquez pas cette opportunit\u00e9 unique de vivre une exp\u00e9rience exceptionnelle dans l&rsquo;une des villes les plus charmantes d&rsquo;Europe.<\/p>\t\t\t\t\t\t\t\t<\/div>\n\t\t\t\t<\/div>\n\t\t\t\t<div class=\"elementor-element elementor-element-784417e elementor-align-center elementor-widget elementor-widget-button\" data-id=\"784417e\" data-element_type=\"widget\" data-e-type=\"widget\" data-widget_type=\"button.default\">\n\t\t\t\t<div class=\"elementor-widget-container\">\n\t\t\t\t\t\t\t\t\t<div class=\"elementor-button-wrapper\">\n\t\t\t\t\t<a class=\"elementor-button elementor-button-link elementor-size-lg\" href=\"https:\/\/agencelusofrancaiseimmobilier.com\/contact-agence-luso-francaise-immobilier-porto\/\">\n\t\t\t\t\t\t<span class=\"elementor-button-content-wrapper\">\n\t\t\t\t\t\t\t\t\t<span class=\"elementor-button-text\">Contactez-nous<\/span>\n\t\t\t\t\t<\/span>\n\t\t\t\t\t<\/a>\n\t\t\t\t<\/div>\n\t\t\t\t\t\t\t\t<\/div>\n\t\t\t\t<\/div>\n\t\t\t\t\t<\/div>\n\t\t<\/div>\n\t\t\t\t<div class=\"elementor-column elementor-col-33 elementor-top-column elementor-element elementor-element-5aa77db2\" data-id=\"5aa77db2\" data-element_type=\"column\" data-e-type=\"column\">\n\t\t\t<div class=\"elementor-widget-wrap elementor-element-populated\">\n\t\t\t\t\t\t<div class=\"elementor-element elementor-element-94f9570 animated-fast elementor-widget__width-initial elementor-invisible elementor-widget elementor-widget-heading\" data-id=\"94f9570\" data-element_type=\"widget\" data-e-type=\"widget\" data-settings=\"{&quot;_animation&quot;:&quot;fadeInUp&quot;,&quot;_animation_delay&quot;:50}\" data-widget_type=\"heading.default\">\n\t\t\t\t<div class=\"elementor-widget-container\">\n\t\t\t\t\t<h2 class=\"elementor-heading-title elementor-size-default\">Votre chercheur d'appartement \u00e0 Porto<\/h2>\t\t\t\t<\/div>\n\t\t\t\t<\/div>\n\t\t\t\t\t<\/div>\n\t\t<\/div>\n\t\t\t\t\t<\/div>\n\t\t<\/section>\n\t\t\t\t<section class=\"elementor-section elementor-top-section elementor-element elementor-element-5d63e7d9 elementor-section-stretched elementor-section-boxed elementor-section-height-default elementor-section-height-default\" data-id=\"5d63e7d9\" data-element_type=\"section\" data-e-type=\"section\" data-settings=\"{&quot;stretch_section&quot;:&quot;section-stretched&quot;,&quot;background_background&quot;:&quot;classic&quot;,&quot;shape_divider_bottom&quot;:&quot;tilt&quot;}\">\n\t\t\t\t\t<div class=\"elementor-shape elementor-shape-bottom\" aria-hidden=\"true\" data-negative=\"false\">\n\t\t\t<svg xmlns=\"http:\/\/www.w3.org\/2000\/svg\" viewBox=\"0 0 1000 100\" preserveAspectRatio=\"none\">\n\t<path class=\"elementor-shape-fill\" d=\"M0,6V0h1000v100L0,6z\"\/>\n<\/svg>\t\t<\/div>\n\t\t\t\t\t<div class=\"elementor-container elementor-column-gap-no\">\n\t\t\t\t\t<div class=\"elementor-column elementor-col-100 elementor-top-column elementor-element elementor-element-32d56b4c\" data-id=\"32d56b4c\" data-element_type=\"column\" data-e-type=\"column\">\n\t\t\t<div class=\"elementor-widget-wrap elementor-element-populated\">\n\t\t\t\t\t\t<div class=\"elementor-element elementor-element-18403d2c elementor-widget elementor-widget-ere-section-title-widget\" data-id=\"18403d2c\" data-element_type=\"widget\" data-e-type=\"widget\" data-settings=\"{&quot;_animation&quot;:&quot;none&quot;}\" data-widget_type=\"ere-section-title-widget.default\">\n\t\t\t\t<div class=\"elementor-widget-container\">\n\t\t\t\t\t            <div class=\"rh_elementor_widget re_section_head_elementor\">\n\t\t\t\t\n\t\t\t\t                    <h2 class=\"rh_section__title\">Nos partenaires<\/h2>\n\t\t\t\t\n\t\t\t\t                    <p class=\"rh_section__desc\">Notre agence est affili\u00e9 aux principaux organismes portugais<\/p>\n\t\t\t\t            <\/div>\n\t\t\t\t\t\t\t<\/div>\n\t\t\t\t<\/div>\n\t\t\t\t<div class=\"elementor-element elementor-element-68193259 elementor-widget elementor-widget-ere-partners-widget\" data-id=\"68193259\" data-element_type=\"widget\" data-e-type=\"widget\" data-widget_type=\"ere-partners-widget.default\">\n\t\t\t\t<div class=\"elementor-widget-container\">\n\t\t\t\t\t\t\t\t<section class=\"rh_elementor_widget rh_wrapper_partners_elementor\">\n\n                <div class=\"rh_section__partners_elementor\">\n\t\t\t\t\t                        <div class=\"rh_partner\">\n\n\t\t\t\t\t\t\t                            <a target=\"_blank\" href=\"https:\/\/www.cicap.pt\" title=\"CICAP\" rel=\"noopener\">\n\t\t\t\t\t\t\t\t<img decoding=\"async\" width=\"254\" height=\"80\" src=\"https:\/\/agencelusofrancaiseimmobilier.com\/wp-content\/uploads\/2022\/02\/cicap-25480.webp\" class=\"attachment-partners-logo size-partners-logo wp-post-image\" alt=\"\" srcset=\"https:\/\/agencelusofrancaiseimmobilier.com\/wp-content\/uploads\/2022\/02\/cicap-25480.webp 254w, https:\/\/agencelusofrancaiseimmobilier.com\/wp-content\/uploads\/2022\/02\/cicap-25480-18x6.webp 18w, https:\/\/agencelusofrancaiseimmobilier.com\/wp-content\/uploads\/2022\/02\/cicap-25480-150x47.webp 150w\" sizes=\"(max-width: 254px) 100vw, 254px\" title=\"\">                            <\/a>\n\t\t\t\t\t\t    \n                        <\/div>\n\t\t\t\t\t\t                        <div class=\"rh_partner\">\n\n\t\t\t\t\t\t\t                            <a target=\"_blank\" href=\"https:\/\/www.asmip.pt\" title=\"ASMIP\" rel=\"noopener\">\n\t\t\t\t\t\t\t\t<img decoding=\"async\" width=\"254\" height=\"80\" src=\"https:\/\/agencelusofrancaiseimmobilier.com\/wp-content\/uploads\/2020\/06\/ASMIP-25480.webp\" class=\"attachment-partners-logo size-partners-logo wp-post-image\" alt=\"\" srcset=\"https:\/\/agencelusofrancaiseimmobilier.com\/wp-content\/uploads\/2020\/06\/ASMIP-25480.webp 254w, https:\/\/agencelusofrancaiseimmobilier.com\/wp-content\/uploads\/2020\/06\/ASMIP-25480-150x47.webp 150w\" sizes=\"(max-width: 254px) 100vw, 254px\" title=\"\">                            <\/a>\n\t\t\t\t\t\t    \n                        <\/div>\n\t\t\t\t\t\t                        <div class=\"rh_partner\">\n\n\t\t\t\t\t\t\t                            <a target=\"_blank\" href=\"https:\/\/www.impic.pt\/impic\/\" title=\"IMPIC\" rel=\"noopener\">\n\t\t\t\t\t\t\t\t<img decoding=\"async\" width=\"254\" height=\"80\" src=\"https:\/\/agencelusofrancaiseimmobilier.com\/wp-content\/uploads\/2020\/06\/IMPIC-28080.webp\" class=\"attachment-partners-logo size-partners-logo wp-post-image\" alt=\"\" srcset=\"https:\/\/agencelusofrancaiseimmobilier.com\/wp-content\/uploads\/2020\/06\/IMPIC-28080.webp 254w, https:\/\/agencelusofrancaiseimmobilier.com\/wp-content\/uploads\/2020\/06\/IMPIC-28080-150x47.webp 150w\" sizes=\"(max-width: 254px) 100vw, 254px\" title=\"\">                            <\/a>\n\t\t\t\t\t\t    \n                        <\/div>\n\t\t\t\t\t\t                <\/div>\n\t\t\t<\/section>\n\t\t\t\t\t\t\t<\/div>\n\t\t\t\t<\/div>\n\t\t\t\t\t<\/div>\n\t\t<\/div>\n\t\t\t\t\t<\/div>\n\t\t<\/section>\n\t\t\t\t<\/div>\n\t\t","protected":false},"excerpt":{"rendered":"<p>Votre partenaire immobilier c&rsquo;est nous !\u200b D\u00e9couvrez le luxe de vivre \u00e0 Porto avec l&rsquo;Agence Luso-Fran\u00e7aise d&rsquo;Immobilier, votre chercheur d&rsquo;appartement \u00e0 Porto. Que vous envisagiez d&rsquo;\u00e9tablir votre r\u00e9sidence permanente ou que vous souhaitiez profiter d&rsquo;un pied-\u00e0-terre occasionnel, notre agence est d\u00e9di\u00e9e \u00e0 rendre votre transition aussi lisse que possible. Notre \u00e9quipe exp\u00e9riment\u00e9e ne se contente&#8230;<\/p>\n","protected":false},"author":1,"featured_media":3185,"parent":0,"menu_order":0,"comment_status":"closed","ping_status":"closed","template":"elementor_header_footer","meta":{"footnotes":""},"class_list":["post-2271","page","type-page","status-publish","has-post-thumbnail","hentry"],"_links":{"self":[{"href":"https:\/\/agencelusofrancaiseimmobilier.com\/fr_fr\/wp-json\/wp\/v2\/pages\/2271","targetHints":{"allow":["GET"]}}],"collection":[{"href":"https:\/\/agencelusofrancaiseimmobilier.com\/fr_fr\/wp-json\/wp\/v2\/pages"}],"about":[{"href":"https:\/\/agencelusofrancaiseimmobilier.com\/fr_fr\/wp-json\/wp\/v2\/types\/page"}],"author":[{"embeddable":true,"href":"https:\/\/agencelusofrancaiseimmobilier.com\/fr_fr\/wp-json\/wp\/v2\/users\/1"}],"replies":[{"embeddable":true,"href":"https:\/\/agencelusofrancaiseimmobilier.com\/fr_fr\/wp-json\/wp\/v2\/comments?post=2271"}],"version-history":[{"count":0,"href":"https:\/\/agencelusofrancaiseimmobilier.com\/fr_fr\/wp-json\/wp\/v2\/pages\/2271\/revisions"}],"wp:featuredmedia":[{"embeddable":true,"href":"https:\/\/agencelusofrancaiseimmobilier.com\/fr_fr\/wp-json\/wp\/v2\/media\/3185"}],"wp:attachment":[{"href":"https:\/\/agencelusofrancaiseimmobilier.com\/fr_fr\/wp-json\/wp\/v2\/media?parent=2271"}],"curies":[{"name":"wp","href":"https:\/\/api.w.org\/{rel}","templated":true}]}}