{"id":13719,"date":"2023-04-06T16:05:39","date_gmt":"2023-04-06T15:05:39","guid":{"rendered":"https:\/\/agencelusofrancaiseimmobilier.com\/?page_id=13719"},"modified":"2023-10-02T11:59:16","modified_gmt":"2023-10-02T10:59:16","slug":"vender-imovel-em-portugal","status":"publish","type":"page","link":"https:\/\/agencelusofrancaiseimmobilier.com\/pt\/vendre-bien-immobilier-portugal\/","title":{"rendered":"Vender o seu im\u00f3vel"},"content":{"rendered":"\t\t<div data-elementor-type=\"wp-page\" data-elementor-id=\"13719\" class=\"elementor elementor-13719\" data-elementor-post-type=\"page\">\n\t\t\t\t\t\t<section class=\"elementor-section elementor-top-section elementor-element elementor-element-4bb4ffd elementor-section-stretched elementor-section-boxed elementor-section-height-default elementor-section-height-default\" data-id=\"4bb4ffd\" data-element_type=\"section\" data-e-type=\"section\" data-settings=\"{&quot;background_background&quot;:&quot;classic&quot;,&quot;stretch_section&quot;:&quot;section-stretched&quot;}\">\n\t\t\t\t\t\t<div class=\"elementor-container elementor-column-gap-no\">\n\t\t\t\t\t<div class=\"elementor-column elementor-col-100 elementor-top-column elementor-element elementor-element-5e25a24a\" data-id=\"5e25a24a\" data-element_type=\"column\" data-e-type=\"column\">\n\t\t\t<div class=\"elementor-widget-wrap elementor-element-populated\">\n\t\t\t\t\t\t<div class=\"elementor-element elementor-element-1bf08a45 elementor-widget elementor-widget-spacer\" data-id=\"1bf08a45\" data-element_type=\"widget\" data-e-type=\"widget\" data-widget_type=\"spacer.default\">\n\t\t\t\t<div class=\"elementor-widget-container\">\n\t\t\t\t\t\t\t<div class=\"elementor-spacer\">\n\t\t\t<div class=\"elementor-spacer-inner\"><\/div>\n\t\t<\/div>\n\t\t\t\t\t\t<\/div>\n\t\t\t\t<\/div>\n\t\t\t\t<div class=\"elementor-element elementor-element-60357403 animated-fast elementor-invisible elementor-widget elementor-widget-heading\" data-id=\"60357403\" data-element_type=\"widget\" data-e-type=\"widget\" data-settings=\"{&quot;_animation&quot;:&quot;fadeInUp&quot;,&quot;_animation_delay&quot;:50}\" data-widget_type=\"heading.default\">\n\t\t\t\t<div class=\"elementor-widget-container\">\n\t\t\t\t\t<h1 class=\"elementor-heading-title elementor-size-default\">VENDRE SON BIEN IMMOBILIER AU PORTUGAL\u200b<\/h1>\t\t\t\t<\/div>\n\t\t\t\t<\/div>\n\t\t\t\t\t<\/div>\n\t\t<\/div>\n\t\t\t\t\t<\/div>\n\t\t<\/section>\n\t\t\t\t<section class=\"elementor-section elementor-top-section elementor-element elementor-element-404fdb7c elementor-section-boxed elementor-section-height-default elementor-section-height-default\" data-id=\"404fdb7c\" data-element_type=\"section\" data-e-type=\"section\">\n\t\t\t\t\t\t<div class=\"elementor-container elementor-column-gap-no\">\n\t\t\t\t\t<div class=\"elementor-column elementor-col-50 elementor-top-column elementor-element elementor-element-7696ef30\" data-id=\"7696ef30\" data-element_type=\"column\" data-e-type=\"column\">\n\t\t\t<div class=\"elementor-widget-wrap elementor-element-populated\">\n\t\t\t\t\t\t<div class=\"elementor-element elementor-element-3376537b elementor-widget elementor-widget-heading\" data-id=\"3376537b\" data-element_type=\"widget\" data-e-type=\"widget\" data-widget_type=\"heading.default\">\n\t\t\t\t<div class=\"elementor-widget-container\">\n\t\t\t\t\t<h2 class=\"elementor-heading-title elementor-size-default\">VENDRE SON BIEN IMMOBILIER AU PORTUGAL<\/h2>\t\t\t\t<\/div>\n\t\t\t\t<\/div>\n\t\t\t\t\t<\/div>\n\t\t<\/div>\n\t\t\t\t<div class=\"elementor-column elementor-col-50 elementor-top-column elementor-element elementor-element-9308c55\" data-id=\"9308c55\" data-element_type=\"column\" data-e-type=\"column\">\n\t\t\t<div class=\"elementor-widget-wrap elementor-element-populated\">\n\t\t\t\t\t\t<div class=\"elementor-element elementor-element-5d45c793 elementor-widget elementor-widget-text-editor\" data-id=\"5d45c793\" data-element_type=\"widget\" data-e-type=\"widget\" data-widget_type=\"text-editor.default\">\n\t\t\t\t<div class=\"elementor-widget-container\">\n\t\t\t\t\t\t\t\t\t<p>La vente d&rsquo;un bien immobilier peut \u00eatre un processus long et fastidieux, surtout si vous \u00eates en train de naviguer dans un march\u00e9 \u00e9tranger. Si vous poss\u00e9dez une <a href=\"https:\/\/agencelusofrancaiseimmobilier.com\/maison-et-appartement-a-vendre-a-porto\/\">propri\u00e9t\u00e9<\/a> au Portugal et que vous souhaitez le vendre, vous pouvez compter sur <strong>l&rsquo;agence Luso-Fran\u00e7aise d&rsquo;immobilier<\/strong> pour vous aider tout au long du processus.<\/p><p>Nous avons une grande exp\u00e9rience dans la vente de propri\u00e9t\u00e9 au Portugal et nous avons aid\u00e9 de nombreux propri\u00e9taires \u00e0 vendre leurs biens dans les meilleures conditions. Nous sommes sp\u00e9cialis\u00e9s dans la vente de propri\u00e9t\u00e9s situ\u00e9es dans les zones les plus recherch\u00e9es du Portugal, telles que, Porto, Aveiro, Braga et d&rsquo;autres r\u00e9gions touristiques populaires.<\/p><p>Notre \u00e9quipe de professionnels de l&rsquo;immobilier est compos\u00e9e de consultants multilingues, qui sont \u00e0 m\u00eame de comprendre vos besoins sp\u00e9cifiques et de vous proposer des solutions adapt\u00e9es. Nous disposons d&rsquo;une base de donn\u00e9es d&rsquo;acheteurs potentiels et nous sommes en mesure de promouvoir votre propri\u00e9t\u00e9 aupr\u00e8s d&rsquo;un large public <a href=\"https:\/\/www.visitportugal.com\/pt-pt\" target=\"_blank\" rel=\"noopener\">national<\/a> ou \u00e9trang\u00e8re.<\/p><p><span style=\"font-size: 15px;\">Nous offrons un service complet de gestion de la vente, depuis l&rsquo;<\/span><span style=\"font-size: 15px; line-height: inherit; font-weight: bold;\">estimation initiale du bien<\/span><span style=\"font-size: 15px;\">\u00a0jusqu&rsquo;\u00e0 la\u00a0<\/span><span style=\"font-size: 15px; line-height: inherit; font-weight: bold;\">signature de l&rsquo;acte de vente<\/span><span style=\"font-size: 15px;\">. Nous sommes en mesure de vous conseiller sur le prix de vente optimal pour votre propri\u00e9t\u00e9, en nous basant sur notre connaissance approfondie du march\u00e9 immobilier portugais et de son \u00e9volution r\u00e9cente.<\/span><\/p><p>Nous prenons \u00e9galement en charge la promotion de votre propri\u00e9t\u00e9 aupr\u00e8s des acheteurs potentiels, en utilisant une vari\u00e9t\u00e9 de <b>canaux de marketing et de publicit\u00e9 en ligne<\/b>. Nous assurons une visibilit\u00e9 maximale de votre propri\u00e9t\u00e9, en utilisant des photos et des descriptions professionnelles pour mettre en valeur ses atouts.<\/p><p>Nous sommes \u00e9galement en mesure de vous assister dans la n\u00e9gociation des conditions de vente, en veillant \u00e0 ce que vos int\u00e9r\u00eats soient prot\u00e9g\u00e9s tout au long du processus.\u00a0<\/p><p><span style=\"color: #54595f;\"><span style=\"font-weight: inherit;\">Si vous souhaitez vendre votre bien immobilier au Portugal, n&rsquo;h\u00e9sitez pas \u00e0 nous <\/span><a style=\"font-weight: inherit; color: #54595f;\" href=\"https:\/\/agencelusofrancaiseimmobilier.com\/contact-agence-luso-francaise-immobilier-porto\/\">contacter<\/a><span style=\"font-weight: inherit;\"> pour discuter de vos besoins. Nous sommes \u00e0 votre disposition pour r\u00e9pondre \u00e0 toutes vos questions et vous aider \u00e0 naviguer dans le processus de vente. Contactez-nous d\u00e8s maintenant pour en savoir plus sur nos services et pour planifier une consultation initiale.<\/span><\/span><\/p>\t\t\t\t\t\t\t\t<\/div>\n\t\t\t\t<\/div>\n\t\t\t\t\t<\/div>\n\t\t<\/div>\n\t\t\t\t\t<\/div>\n\t\t<\/section>\n\t\t\t\t<section class=\"elementor-section elementor-top-section elementor-element elementor-element-987ab60 elementor-section-boxed elementor-section-height-default elementor-section-height-default\" data-id=\"987ab60\" data-element_type=\"section\" data-e-type=\"section\">\n\t\t\t\t\t\t<div class=\"elementor-container elementor-column-gap-default\">\n\t\t\t\t\t<div class=\"elementor-column elementor-col-100 elementor-top-column elementor-element elementor-element-a4e175c\" data-id=\"a4e175c\" data-element_type=\"column\" data-e-type=\"column\">\n\t\t\t<div class=\"elementor-widget-wrap elementor-element-populated\">\n\t\t\t\t\t\t<div class=\"elementor-element elementor-element-bc9e3b3 elementor-widget elementor-widget-html\" data-id=\"bc9e3b3\" data-element_type=\"widget\" data-e-type=\"widget\" data-widget_type=\"html.default\">\n\t\t\t\t<div class=\"elementor-widget-container\">\n\t\t\t\t\t[forminator_form id=\"13735\"]\t\t\t\t<\/div>\n\t\t\t\t<\/div>\n\t\t\t\t\t<\/div>\n\t\t<\/div>\n\t\t\t\t\t<\/div>\n\t\t<\/section>\n\t\t\t\t<\/div>\n\t\t","protected":false},"excerpt":{"rendered":"<p>VENDER O SEU IM\u00d3VEL EM PORTUGAL VENDER O SEU IM\u00d3VEL EM PORTUGAL Vender um im\u00f3vel pode ser um processo longo e fastidioso, especialmente se estiver a navegar num mercado estrangeiro. Se \u00e9 propriet\u00e1rio de um im\u00f3vel em Portugal e pretende vend\u00ea-lo, pode contar com a ag\u00eancia Luso-Francesa...<\/p>","protected":false},"author":1,"featured_media":2777,"parent":0,"menu_order":0,"comment_status":"closed","ping_status":"closed","template":"templates\/home.php","meta":{"footnotes":""},"class_list":["post-13719","page","type-page","status-publish","has-post-thumbnail","hentry"],"_links":{"self":[{"href":"https:\/\/agencelusofrancaiseimmobilier.com\/pt\/wp-json\/wp\/v2\/pages\/13719","targetHints":{"allow":["GET"]}}],"collection":[{"href":"https:\/\/agencelusofrancaiseimmobilier.com\/pt\/wp-json\/wp\/v2\/pages"}],"about":[{"href":"https:\/\/agencelusofrancaiseimmobilier.com\/pt\/wp-json\/wp\/v2\/types\/page"}],"author":[{"embeddable":true,"href":"https:\/\/agencelusofrancaiseimmobilier.com\/pt\/wp-json\/wp\/v2\/users\/1"}],"replies":[{"embeddable":true,"href":"https:\/\/agencelusofrancaiseimmobilier.com\/pt\/wp-json\/wp\/v2\/comments?post=13719"}],"version-history":[{"count":0,"href":"https:\/\/agencelusofrancaiseimmobilier.com\/pt\/wp-json\/wp\/v2\/pages\/13719\/revisions"}],"wp:featuredmedia":[{"embeddable":true,"href":"https:\/\/agencelusofrancaiseimmobilier.com\/pt\/wp-json\/wp\/v2\/media\/2777"}],"wp:attachment":[{"href":"https:\/\/agencelusofrancaiseimmobilier.com\/pt\/wp-json\/wp\/v2\/media?parent=13719"}],"curies":[{"name":"wp","href":"https:\/\/api.w.org\/{rel}","templated":true}]}}