{"id":2271,"date":"2019-05-20T13:14:41","date_gmt":"2019-05-20T12:14:41","guid":{"rendered":"https:\/\/agencelusofrancaiseimmobilier.com\/?page_id=2271"},"modified":"2023-09-13T12:49:58","modified_gmt":"2023-09-13T11:49:58","slug":"procura-um-apartamento-no-porto","status":"publish","type":"page","link":"https:\/\/agencelusofrancaiseimmobilier.com\/pt\/chercheur-dappartement-a-porto\/","title":{"rendered":"CA\u00c7A AO APARTAMENTO NO PORTO"},"content":{"rendered":"<div data-elementor-type=\"wp-post\" data-elementor-id=\"2271\" class=\"elementor elementor-2271\" data-elementor-post-type=\"page\">\n\t\t\t\t\t\t<section class=\"elementor-section elementor-top-section elementor-element elementor-element-10f14cb3 elementor-section-stretched elementor-section-boxed elementor-section-height-default elementor-section-height-default\" data-id=\"10f14cb3\" data-element_type=\"section\" data-e-type=\"section\" data-settings=\"{&quot;background_background&quot;:&quot;classic&quot;,&quot;stretch_section&quot;:&quot;section-stretched&quot;}\">\n\t\t\t\t\t\t<div class=\"elementor-container elementor-column-gap-no\">\n\t\t\t\t\t<div class=\"elementor-column elementor-col-100 elementor-top-column elementor-element elementor-element-5ee6d8ce\" data-id=\"5ee6d8ce\" data-element_type=\"column\" data-e-type=\"column\">\n\t\t\t<div class=\"elementor-widget-wrap elementor-element-populated\">\n\t\t\t\t\t\t<div class=\"elementor-element elementor-element-59bfbe1a elementor-widget elementor-widget-spacer\" data-id=\"59bfbe1a\" data-element_type=\"widget\" data-e-type=\"widget\" data-widget_type=\"spacer.default\">\n\t\t\t\t<div class=\"elementor-widget-container\">\n\t\t\t\t\t\t\t<div class=\"elementor-spacer\">\n\t\t\t<div class=\"elementor-spacer-inner\"><\/div>\n\t\t<\/div>\n\t\t\t\t\t\t<\/div>\n\t\t\t\t<\/div>\n\t\t\t\t<div class=\"elementor-element elementor-element-2d9d6b5b animated-fast elementor-invisible elementor-widget elementor-widget-heading\" data-id=\"2d9d6b5b\" data-element_type=\"widget\" data-e-type=\"widget\" data-settings=\"{&quot;_animation&quot;:&quot;fadeInUp&quot;,&quot;_animation_delay&quot;:50}\" data-widget_type=\"heading.default\">\n\t\t\t\t<div class=\"elementor-widget-container\">\n\t\t\t\t\t<h1 class=\"elementor-heading-title elementor-size-default\">Somos o seu parceiro imobili\u00e1rio!<\/h1>\t\t\t\t<\/div>\n\t\t\t\t<\/div>\n\t\t\t\t\t<\/div>\n\t\t<\/div>\n\t\t\t\t\t<\/div>\n\t\t<\/section>\n\t\t\t\t<section class=\"elementor-section elementor-top-section elementor-element elementor-element-5e0063dc elementor-section-boxed elementor-section-height-default elementor-section-height-default\" data-id=\"5e0063dc\" data-element_type=\"section\" data-e-type=\"section\">\n\t\t\t\t\t\t<div class=\"elementor-container elementor-column-gap-no\">\n\t\t\t\t\t<div class=\"elementor-column elementor-col-33 elementor-top-column elementor-element elementor-element-3dda68ca\" data-id=\"3dda68ca\" data-element_type=\"column\" data-e-type=\"column\">\n\t\t\t<div class=\"elementor-widget-wrap elementor-element-populated\">\n\t\t\t\t\t\t<div class=\"elementor-element elementor-element-102cd7bf elementor-widget elementor-widget-text-editor\" data-id=\"102cd7bf\" data-element_type=\"widget\" data-e-type=\"widget\" data-widget_type=\"text-editor.default\">\n\t\t\t\t<div class=\"elementor-widget-container\">\n\t\t\t\t\t\t\t\t\t<p>Descubra o luxo de viver no Porto com a Agence Luso-Fran\u00e7aise d'Immobilier, o seu descobridor de apartamentos no Porto. Quer pretenda instalar o seu <span style=\"color: #808080;\"><a style=\"color: #808080;\" href=\"https:\/\/vivreauportugalconsulting.com\" target=\"_blank\" rel=\"noopener\">resid\u00eancia permanente<\/a><\/span> ou se pretende usufruir de um pied-\u00e0-terre ocasional, a nossa ag\u00eancia dedica-se a tornar a sua transi\u00e7\u00e3o t\u00e3o suave quanto poss\u00edvel.<\/p><p>A nossa equipa experiente \u00e9 mais do que uma simples ag\u00eancia, somos especialistas em prospe\u00e7\u00e3o empenhados em realizar os seus sonhos imobili\u00e1rios. Imagine ter um guia que explora ativamente o mercado por si, procurando o im\u00f3vel ideal, a p\u00e9rola rara. \u00c9 exatamente isso que faz um ca\u00e7ador de im\u00f3veis.<\/p><p>No<a href=\"https:\/\/agencelusofrancaiseimmobilier.com\/pt\/contact-agence-luso-francaise-immobilier-porto\/\">Ag\u00eancia Luso-Francesa<\/a>A sua satisfa\u00e7\u00e3o \u00e9 a nossa principal prioridade. Quer pretenda comprar a sua casa de sonho ou arrendar um apartamento confort\u00e1vel, faremos tudo o que estiver ao nosso alcance para garantir uma experi\u00eancia sem problemas. Para al\u00e9m da nossa experi\u00eancia em prospe\u00e7\u00e3o, mantemo-lo informado sobre as tend\u00eancias do mercado, ajudando-o a tomar decis\u00f5es informadas.<\/p><p>O Porto, com o seu charme pitoresco e a sua hist\u00f3ria rica, \u00e9 uma cidade que apela \u00e0s almas em busca de uma experi\u00eancia de vida \u00fanica. Situada na costa noroeste de Portugal, esta fascinante cidade \u00e9 famosa pelo seu vinho do Porto, pela sua arquitetura hist\u00f3rica e pela sua vibrante cena cultural. \u00c9 um destino de elei\u00e7\u00e3o para quem procura uma vida de autenticidade e diversidade.<\/p><p>A cidade oferece uma variedade de bairros, cada um com o seu pr\u00f3prio car\u00e1cter e vantagens distintas. Quer prefira o encanto hist\u00f3rico da cidade velha da Ribeira, com as suas ruas sinuosas e casas coloridas \u00e0 beira-rio, quer procure um ambiente mais moderno em bairros como a Boavista ou a Foz, o Porto tem algo para todos. <span style=\"color: var( --e-global-color-text ); font-size: var( --e-global-typography-def75a7-font-size ); letter-spacing: var( --e-global-typography-def75a7-letter-spacing ); word-spacing: var( --e-global-typography-def75a7-word-spacing ); background-color: var(--rh-color-white);\">Os investidores tamb\u00e9m achar\u00e3o o Porto atrativo devido ao seu mercado em crescimento. Os im\u00f3veis no Porto oferecem um excelente potencial de valoriza\u00e7\u00e3o do capital, e a cidade continua a atrair investidores de todo o mundo.<\/span><\/p>\t\t\t\t\t\t\t\t<\/div>\n\t\t\t\t<\/div>\n\t\t\t\t\t<\/div>\n\t\t<\/div>\n\t\t\t\t<div class=\"elementor-column elementor-col-33 elementor-top-column elementor-element elementor-element-524418f\" data-id=\"524418f\" data-element_type=\"column\" data-e-type=\"column\">\n\t\t\t<div class=\"elementor-widget-wrap elementor-element-populated\">\n\t\t\t\t\t\t<div class=\"elementor-element elementor-element-1baa306 elementor-widget elementor-widget-heading\" data-id=\"1baa306\" data-element_type=\"widget\" data-e-type=\"widget\" data-widget_type=\"heading.default\">\n\t\t\t\t<div class=\"elementor-widget-container\">\n\t\t\t\t\t<h3 class=\"elementor-heading-title elementor-size-large\">O nosso cliente \u00e9 voc\u00ea!<\/h3>\t\t\t\t<\/div>\n\t\t\t\t<\/div>\n\t\t\t\t<div class=\"elementor-element elementor-element-b147b3a elementor-widget elementor-widget-text-editor\" data-id=\"b147b3a\" data-element_type=\"widget\" data-e-type=\"widget\" data-widget_type=\"text-editor.default\">\n\t\t\t\t<div class=\"elementor-widget-container\">\n\t\t\t\t\t\t\t\t\t<p>A nossa ag\u00eancia \u00e9 o seu guia especializado para navegar no mercado. A nossa equipa franc\u00f3fona est\u00e1 empenhada em prestar-lhe um servi\u00e7o excecional, quer pretenda encontrar a sua casa de sonho, investir numa propriedade ou alugar um apartamento para uma experi\u00eancia de vida tempor\u00e1ria.<\/p>\n<p>Compreendemos que comprar uma propriedade no estrangeiro pode ser assustador, e \u00e9 por isso que estamos aqui para simplificar o processo e ajud\u00e1-lo em cada passo do caminho. O nosso conhecimento profundo do mercado local, a nossa rede profissional e o nosso compromisso com a satisfa\u00e7\u00e3o do cliente fazem de n\u00f3s o parceiro ideal para os seus projectos de aquisi\u00e7\u00e3o.&nbsp;<span style=\"color: var( --e-global-color-text ); font-size: var( --e-global-typography-def75a7-font-size ); font-weight: var( --e-global-typography-def75a7-font-weight ); letter-spacing: var( --e-global-typography-def75a7-letter-spacing ); word-spacing: var( --e-global-typography-def75a7-word-spacing ); background-color: var(--rh-color-white);\">Para al\u00e9m da nossa experi\u00eancia em prospe\u00e7\u00e3o, tamb\u00e9m nos orgulhamos de lhe oferecer aconselhamento personalizado sobre a legisla\u00e7\u00e3o fiscal e imobili\u00e1ria portuguesa. Trabalhamos em estreita colabora\u00e7\u00e3o com especialistas locais para garantir que todos os aspectos da sua transa\u00e7\u00e3o est\u00e3o em conformidade com a lei.<\/span><\/p>\n<p>Qualquer que seja a sua aspira\u00e7\u00e3o no Porto, quer seja uma resid\u00eancia permanente, uma casa de f\u00e9rias ou um investimento, a Agence Luso-Fran\u00e7aise d'Immobilier est\u00e1 aqui para o ajudar a realizar os seus sonhos. Convidamo-lo a contactar-nos hoje para discutir as suas necessidades e iniciar a sua viagem rumo a uma vida gratificante no Porto. N\u00e3o perca esta oportunidade \u00fanica de desfrutar de uma experi\u00eancia excecional numa das cidades mais encantadoras da Europa.<\/p>\t\t\t\t\t\t\t\t<\/div>\n\t\t\t\t<\/div>\n\t\t\t\t<div class=\"elementor-element elementor-element-784417e elementor-align-center elementor-widget elementor-widget-button\" data-id=\"784417e\" data-element_type=\"widget\" data-e-type=\"widget\" data-widget_type=\"button.default\">\n\t\t\t\t<div class=\"elementor-widget-container\">\n\t\t\t\t\t\t\t\t\t<div class=\"elementor-button-wrapper\">\n\t\t\t\t\t<a class=\"elementor-button elementor-button-link elementor-size-lg\" href=\"https:\/\/agencelusofrancaiseimmobilier.com\/pt\/contact-agence-luso-francaise-immobilier-porto\/\">\n\t\t\t\t\t\t<span class=\"elementor-button-content-wrapper\">\n\t\t\t\t\t\t\t\t\t<span class=\"elementor-button-text\">Contacte-nos<\/span>\n\t\t\t\t\t<\/span>\n\t\t\t\t\t<\/a>\n\t\t\t\t<\/div>\n\t\t\t\t\t\t\t\t<\/div>\n\t\t\t\t<\/div>\n\t\t\t\t\t<\/div>\n\t\t<\/div>\n\t\t\t\t<div class=\"elementor-column elementor-col-33 elementor-top-column elementor-element elementor-element-5aa77db2\" data-id=\"5aa77db2\" data-element_type=\"column\" data-e-type=\"column\">\n\t\t\t<div class=\"elementor-widget-wrap elementor-element-populated\">\n\t\t\t\t\t\t<div class=\"elementor-element elementor-element-94f9570 animated-fast elementor-widget__width-initial elementor-invisible elementor-widget elementor-widget-heading\" data-id=\"94f9570\" data-element_type=\"widget\" data-e-type=\"widget\" data-settings=\"{&quot;_animation&quot;:&quot;fadeInUp&quot;,&quot;_animation_delay&quot;:50}\" data-widget_type=\"heading.default\">\n\t\t\t\t<div class=\"elementor-widget-container\">\n\t\t\t\t\t<h2 class=\"elementor-heading-title elementor-size-default\">O seu motor de busca de apartamentos no Porto<\/h2>\t\t\t\t<\/div>\n\t\t\t\t<\/div>\n\t\t\t\t\t<\/div>\n\t\t<\/div>\n\t\t\t\t\t<\/div>\n\t\t<\/section>\n\t\t\t\t<section class=\"elementor-section elementor-top-section elementor-element elementor-element-5d63e7d9 elementor-section-stretched elementor-section-boxed elementor-section-height-default elementor-section-height-default\" data-id=\"5d63e7d9\" data-element_type=\"section\" data-e-type=\"section\" data-settings=\"{&quot;stretch_section&quot;:&quot;section-stretched&quot;,&quot;background_background&quot;:&quot;classic&quot;,&quot;shape_divider_bottom&quot;:&quot;tilt&quot;}\">\n\t\t\t\t\t<div class=\"elementor-shape elementor-shape-bottom\" aria-hidden=\"true\" data-negative=\"false\">\n\t\t\t<svg xmlns=\"http:\/\/www.w3.org\/2000\/svg\" viewbox=\"0 0 1000 100\" preserveaspectratio=\"none\">\n\t<path class=\"elementor-shape-fill\" d=\"M0,6V0h1000v100L0,6z\"\/>\n<\/svg>\t\t<\/div>\n\t\t\t\t\t<div class=\"elementor-container elementor-column-gap-no\">\n\t\t\t\t\t<div class=\"elementor-column elementor-col-100 elementor-top-column elementor-element elementor-element-32d56b4c\" data-id=\"32d56b4c\" data-element_type=\"column\" data-e-type=\"column\">\n\t\t\t<div class=\"elementor-widget-wrap elementor-element-populated\">\n\t\t\t\t\t\t<div class=\"elementor-element elementor-element-18403d2c elementor-widget elementor-widget-ere-section-title-widget\" data-id=\"18403d2c\" data-element_type=\"widget\" data-e-type=\"widget\" data-settings=\"{&quot;_animation&quot;:&quot;none&quot;}\" data-widget_type=\"ere-section-title-widget.default\">\n\t\t\t\t<div class=\"elementor-widget-container\">\n\t\t\t\t\t            <div class=\"rh_elementor_widget re_section_head_elementor\">\n\t\t\t\t\n\t\t\t\t                    <h2 class=\"rh_section__title\">Os nossos parceiros<\/h2>\n\t\t\t\t\n\t\t\t\t                    <p class=\"rh_section__desc\">A nossa ag\u00eancia est\u00e1 filiada nas principais organiza\u00e7\u00f5es portuguesas<\/p>\n\t\t\t\t            <\/div>\n\t\t\t\t\t\t\t<\/div>\n\t\t\t\t<\/div>\n\t\t\t\t<div class=\"elementor-element elementor-element-68193259 elementor-widget elementor-widget-ere-partners-widget\" data-id=\"68193259\" data-element_type=\"widget\" data-e-type=\"widget\" data-widget_type=\"ere-partners-widget.default\">\n\t\t\t\t<div class=\"elementor-widget-container\">\n\t\t\t\t\t\t\t\t<section class=\"rh_elementor_widget rh_wrapper_partners_elementor\">\n\n                <div class=\"rh_section__partners_elementor\">\n\t\t\t\t\t                        <div class=\"rh_partner\">\n\n\t\t\t\t\t\t\t                            <a target=\"_blank\" href=\"https:\/\/www.cicap.pt\" title=\"CICAP\" rel=\"noopener\">\n\t\t\t\t\t\t\t\t<img decoding=\"async\" width=\"254\" height=\"80\" src=\"https:\/\/agencelusofrancaiseimmobilier.com\/wp-content\/uploads\/2022\/02\/cicap-25480.webp\" class=\"attachment-partners-logo size-partners-logo wp-post-image\" alt=\"\" srcset=\"https:\/\/agencelusofrancaiseimmobilier.com\/wp-content\/uploads\/2022\/02\/cicap-25480.webp 254w, https:\/\/agencelusofrancaiseimmobilier.com\/wp-content\/uploads\/2022\/02\/cicap-25480-18x6.webp 18w, https:\/\/agencelusofrancaiseimmobilier.com\/wp-content\/uploads\/2022\/02\/cicap-25480-150x47.webp 150w\" sizes=\"(max-width: 254px) 100vw, 254px\" title=\"\">                            <\/a>\n\t\t\t\t\t\t    \n                        <\/div>\n\t\t\t\t\t\t                        <div class=\"rh_partner\">\n\n\t\t\t\t\t\t\t                            <a target=\"_blank\" href=\"https:\/\/www.asmip.pt\" title=\"ASMIP\" rel=\"noopener\">\n\t\t\t\t\t\t\t\t<img decoding=\"async\" width=\"254\" height=\"80\" src=\"https:\/\/agencelusofrancaiseimmobilier.com\/wp-content\/uploads\/2020\/06\/ASMIP-25480.webp\" class=\"attachment-partners-logo size-partners-logo wp-post-image\" alt=\"\" srcset=\"https:\/\/agencelusofrancaiseimmobilier.com\/wp-content\/uploads\/2020\/06\/ASMIP-25480.webp 254w, https:\/\/agencelusofrancaiseimmobilier.com\/wp-content\/uploads\/2020\/06\/ASMIP-25480-150x47.webp 150w\" sizes=\"(max-width: 254px) 100vw, 254px\" title=\"\">                            <\/a>\n\t\t\t\t\t\t    \n                        <\/div>\n\t\t\t\t\t\t                        <div class=\"rh_partner\">\n\n\t\t\t\t\t\t\t                            <a target=\"_blank\" href=\"https:\/\/www.impic.pt\/impic\/\" title=\"IMPIC\" rel=\"noopener\">\n\t\t\t\t\t\t\t\t<img decoding=\"async\" width=\"254\" height=\"80\" src=\"https:\/\/agencelusofrancaiseimmobilier.com\/wp-content\/uploads\/2020\/06\/IMPIC-28080.webp\" class=\"attachment-partners-logo size-partners-logo wp-post-image\" alt=\"\" srcset=\"https:\/\/agencelusofrancaiseimmobilier.com\/wp-content\/uploads\/2020\/06\/IMPIC-28080.webp 254w, https:\/\/agencelusofrancaiseimmobilier.com\/wp-content\/uploads\/2020\/06\/IMPIC-28080-150x47.webp 150w\" sizes=\"(max-width: 254px) 100vw, 254px\" title=\"\">                            <\/a>\n\t\t\t\t\t\t    \n                        <\/div>\n\t\t\t\t\t\t                <\/div>\n\t\t\t<\/section>\n\t\t\t\t\t\t\t<\/div>\n\t\t\t\t<\/div>\n\t\t\t\t\t<\/div>\n\t\t<\/div>\n\t\t\t\t\t<\/div>\n\t\t<\/section>\n\t\t\t\t<\/div>","protected":false},"excerpt":{"rendered":"<p>Descubra o luxo de viver no Porto com a Agence Luso-Fran\u00e7aise d'Immobilier, a sua ag\u00eancia de media\u00e7\u00e3o imobili\u00e1ria no Porto. Quer esteja a planear fazer do Porto a sua casa permanente ou queira desfrutar de um pied-\u00e0-terre ocasional, a nossa ag\u00eancia dedica-se a tornar a sua transi\u00e7\u00e3o o mais suave poss\u00edvel. A nossa equipa experiente n\u00e3o se limita a...<\/p>","protected":false},"author":1,"featured_media":3185,"parent":0,"menu_order":0,"comment_status":"closed","ping_status":"closed","template":"elementor_header_footer","meta":{"footnotes":""},"class_list":["post-2271","page","type-page","status-publish","has-post-thumbnail","hentry"],"_links":{"self":[{"href":"https:\/\/agencelusofrancaiseimmobilier.com\/pt\/wp-json\/wp\/v2\/pages\/2271","targetHints":{"allow":["GET"]}}],"collection":[{"href":"https:\/\/agencelusofrancaiseimmobilier.com\/pt\/wp-json\/wp\/v2\/pages"}],"about":[{"href":"https:\/\/agencelusofrancaiseimmobilier.com\/pt\/wp-json\/wp\/v2\/types\/page"}],"author":[{"embeddable":true,"href":"https:\/\/agencelusofrancaiseimmobilier.com\/pt\/wp-json\/wp\/v2\/users\/1"}],"replies":[{"embeddable":true,"href":"https:\/\/agencelusofrancaiseimmobilier.com\/pt\/wp-json\/wp\/v2\/comments?post=2271"}],"version-history":[{"count":0,"href":"https:\/\/agencelusofrancaiseimmobilier.com\/pt\/wp-json\/wp\/v2\/pages\/2271\/revisions"}],"wp:featuredmedia":[{"embeddable":true,"href":"https:\/\/agencelusofrancaiseimmobilier.com\/pt\/wp-json\/wp\/v2\/media\/3185"}],"wp:attachment":[{"href":"https:\/\/agencelusofrancaiseimmobilier.com\/pt\/wp-json\/wp\/v2\/media?parent=2271"}],"curies":[{"name":"wp","href":"https:\/\/api.w.org\/{rel}","templated":true}]}}